{"id":2188,"date":"2025-12-03T15:46:23","date_gmt":"2025-12-03T14:46:23","guid":{"rendered":"http:\/\/laexprimidora.com\/politica-de-privacitat\/"},"modified":"2026-03-06T11:34:55","modified_gmt":"2026-03-06T10:34:55","slug":"politica-de-privacitat","status":"publish","type":"page","link":"https:\/\/laexprimidora.com\/ca\/politica-de-privacitat\/","title":{"rendered":"Pol\u00edtica de privacitat"},"content":{"rendered":"<p>[et_pb_section fb_built=&#8221;1&#8243; _builder_version=&#8221;4.27.4&#8243; _module_preset=&#8221;default&#8221; custom_margin=&#8221;0px||0px||false|false&#8221; custom_padding=&#8221;0px||0px||false|false&#8221; locked=&#8221;off&#8221; global_colors_info=&#8221;{}&#8221;][et_pb_row _builder_version=&#8221;4.27.4&#8243; _module_preset=&#8221;default&#8221; animation_style=&#8221;slide&#8221; animation_direction=&#8221;bottom&#8221; animation_delay=&#8221;500ms&#8221; animation_intensity_slide=&#8221;20%&#8221; hover_enabled=&#8221;0&#8243; global_colors_info=&#8221;{}&#8221; border_width_bottom=&#8221;1px&#8221; sticky_enabled=&#8221;0&#8243;][et_pb_column type=&#8221;4_4&#8243; _builder_version=&#8221;4.27.4&#8243; _module_preset=&#8221;default&#8221; global_colors_info=&#8221;{}&#8221;][et_pb_text _builder_version=&#8221;4.27.4&#8243; _module_preset=&#8221;default&#8221; header_font_size=&#8221;117px&#8221; header_font_size_tablet=&#8221;88px&#8221; header_font_size_phone=&#8221;50px&#8221; header_font_size_last_edited=&#8221;on|phone&#8221; global_colors_info=&#8221;{}&#8221;]<\/p>\n<h1>POL\u00cdTICA DE PRIVACITAT<\/h1>\n<p>[\/et_pb_text][\/et_pb_column][\/et_pb_row][\/et_pb_section][et_pb_section fb_built=&#8221;1&#8243; _builder_version=&#8221;4.27.4&#8243; _module_preset=&#8221;default&#8221; global_colors_info=&#8221;{}&#8221;][et_pb_row _builder_version=&#8221;4.27.4&#8243; _module_preset=&#8221;default&#8221; global_colors_info=&#8221;{}&#8221;][et_pb_column type=&#8221;4_4&#8243; _builder_version=&#8221;4.27.4&#8243; _module_preset=&#8221;default&#8221; global_colors_info=&#8221;{}&#8221;][et_pb_text _builder_version=&#8221;4.27.4&#8243; _module_preset=&#8221;default&#8221; global_colors_info=&#8221;{}&#8221;]<\/p>\n<h2>DADES DEL TITULAR DE LA WEB<\/h2>\n<p>De conformitat amb el previngut en la Llei de Serveis de la Societat de la Informaci\u00f3 la present web, laexprimidora.com \u00e9s titularitat de l&#8217;Associaci\u00f3 de Dissenyadors i Creatius de Castell\u00f3 L&#8217;Espremedora amb NIF G12887790 i domicili social en Carrer Santo Domingo s\/n (Junt *EACC) P.o.Box 12002 Castell\u00f3 de la Plana<\/p>\n<p>Per a comunicar-se amb nosaltres pot dirigir-se a l&#8217;email: info@laexprimidora.com i als formularis de contacte que trobar\u00e0 en la navegaci\u00f3 del lloc web i que seran rebuts en l&#8217;anterior correu electr\u00f2nic.<\/p>\n<p>&nbsp;<\/p>\n<h2>Registre de l&#8217;acc\u00e9s<\/h2>\n<p>laexprimidora.com empra cookies quan un usuari accedeix a unes certes p\u00e0gines contingudes en aquest website. Aquestes cookies associen \u00fanicament un Usuari de manera an\u00f2nima i al seu equip per al proc\u00e9s de generaci\u00f3 d&#8217;estad\u00edstiques i control d&#8217;acc\u00e9s, sense proporcionar cap mena de refer\u00e8ncia del qual es puga derivar dada de cap car\u00e0cter personal. En cas que hi haja una utilitzaci\u00f3 de cookies del qual es puga derivar alguna dada de car\u00e0cter personal, l&#8217;usuari ser\u00e0 informat convenientment d&#8217;acord amb la Llei org\u00e0nica 15\/1999, de 13 de desembre, de Protecci\u00f3 de Dades de Car\u00e0cter Personal.<\/p>\n<p>laexprimidora.com conserva en fitxers log l&#8217;acc\u00e9s al seu web, per a controlar el tr\u00e0nsit i h\u00e0bits de navegaci\u00f3 per la web. Aquest log emmagatzema la data, hora, proced\u00e8ncia de l&#8217;Usuari, website del qual prov\u00e9, p\u00e0gina a la qual accedeix i navegador que utilitza, dades que no s\u00f3n associats amb cap persona.<\/p>\n<p>&nbsp;<\/p>\n<h2>Dades personals<\/h2>\n<p>En virtut de l&#8217;article 5 de la Llei org\u00e0nica 15\/1999 de Protecci\u00f3 de Dades de Car\u00e0cter Personal, l&#8217;informem dels seg\u00fcents extrems: les dades de car\u00e0cter personal que introdu\u00efsca a trav\u00e9s de la p\u00e0gina web s\u00f3n tractats en el \u201cFitxer d&#8217;usuaris de la web\u201d, i el titular de les dades es fa responsable de la veracitat d&#8217;aquests. La finalitat de l&#8217;esmentat fitxer \u00e9s la gesti\u00f3 dels usuaris de la web per a l&#8217;acc\u00e9s als diferents serveis d&#8217;aquest. L&#8217;afectat podr\u00e0 exercir els seus drets d&#8217;acc\u00e9s, oposici\u00f3, rectificaci\u00f3 i cancel\u00b7laci\u00f3, mitjan\u00e7ant correu electr\u00f2nic a l&#8217;e-mail <a href=\"mailto:info@laexprimidora.com\">info@laexprimidora.com<\/a>.<\/p>\n<p>&nbsp;<\/p>\n<h2>Propietat intel\u00b7lectual<\/h2>\n<p>Pot ser que alguns treballs hagen sigut realitzats a trav\u00e9s de diferents ag\u00e8ncies de disseny, i en aquest cas, aquestes seran les propiet\u00e0ries dels drets d&#8217;autor i\/o propietat intel\u00b7lectual.<\/p>\n<p>Els continguts d&#8217;aquesta web estan subjectes a drets de propietat intel\u00b7lectual i industrial de laexprimidora.com o de tercers. En cap cas est\u00e0 autoritzada (i ser\u00e0 perseguida) la reproducci\u00f3 total o parcial de les dades i continguts als quals es tinga acc\u00e9s en laexprimidora.com o s&#8217;utilitzaran contravenint la legislaci\u00f3 vigent en mat\u00e8ria de propietat industrial o intel\u00b7lectual.<\/p>\n<p>Els Usuaris que creguen que els seus drets de propietat intel\u00b7lectual hagen sigut infringits per l&#8217;\u00fas no autoritzat dels seus treballs protegits que apareguen en aquest website poden posar-se en contacte amb laexprimidora.com i sol\u00b7licitar que el contingut siga retirat o que l&#8217;acc\u00e9s p\u00fablic a ells siga bloquejat. La propietat intel\u00b7lectual d&#8217;uns certs treballs pertany als seus respectius amos.<\/p>\n<p>&nbsp;<\/p>\n<h2>Continguts dels usuaris<\/h2>\n<p>L&#8217;usuari accepta cedir a t\u00edtol gratu\u00eft a aquesta web els drets de reproducci\u00f3, distribuci\u00f3, transformaci\u00f3 i comunicaci\u00f3 p\u00fablica, en totes les possibles modalitats, de l&#8217;obra que envia, per a tothom i per la duraci\u00f3 m\u00e0xima actualment prevista en la llei per a la protecci\u00f3 dels drets cedits i amb facultat de cessi\u00f3 a tercers.<\/p>\n<p>L&#8217;usuari que remet l&#8217;obra (que podr\u00e0 estar constitu\u00efda per text, \u00e0udio, fotografies i\/o obres audiovisuals) garanteix ser titular dels drets de propietat intel\u00b7lectual que per virtut d&#8217;aquest contracte cedeix i, per tant, mantindr\u00e0 indemne a aquesta web enfront de qualsevol reclamaci\u00f3 de tercers derivada de l&#8217;incompliment de la citada garantia.<\/p>\n<p>En enviar la seua obra a aquesta secci\u00f3, l&#8217;usuari accepta el contingut de les seg\u00fcents cl\u00e0usules:<\/p>\n<p>Aquesta web decidir\u00e0 sobre la idone\u00eftat de l&#8217;obra a l&#8217;efecte de la seua publicaci\u00f3 i podran adaptar-la tecnol\u00f2gicament, fragmentar-la i adequar-la al format idoni per a la seua publicaci\u00f3. En cap cas s&#8217;acceptaran obres que afecten els seg\u00fcents principis: dret a l&#8217;honor, a la intimitat personal i familiar i a la pr\u00f2pia imatge, respecte a la dignitat de la persona, principi de no discriminaci\u00f3 per motius de ra\u00e7a, sexe, religi\u00f3, opini\u00f3, nacionalitat, discapacitat o qualsevol altra circumst\u00e0ncia personal o social, aix\u00ed com altres principis que puguen resultar vulnerats. L&#8217;usuari declara, assegura i confirma a aquesta web:<\/p>\n<p>Que \u00e9s major de 18 anys.<br \/>Que les seues dades identificatives s\u00f3n certs i verificables.<br \/>Que ell \u00e9s l&#8217;autor material de l&#8217;obra que envia, que \u00e9s original i no l&#8217;ha plagiada o usurpat de tercers.<br \/>Que, en el cas d&#8217;enviar fotografies, \u00e0udio o v\u00eddeos de persones, aquests han sigut elaborats amb el consentiment de les persones que apareixen en ells i que aquestes persones s\u00f3n majors d&#8217;edat i donen el seu consentiment i accepten les conseq\u00fc\u00e8ncies de l&#8217;enviament.<br \/>En conseq\u00fc\u00e8ncia, l&#8217;usuari es fa responsable d&#8217;eixes manifestacions i, en conseq\u00fc\u00e8ncia, mantindr\u00e0 indemne a aquesta web per l&#8217;incompliment de les citades garanties.<br \/>Exempci\u00f3 de responsabilitat<\/p>\n<p>La informaci\u00f3 que ofereix laexprimidora.com no pret\u00e9n reempla\u00e7ar ni substituir qualsevol servei t\u00e8cnic, legal o d&#8217;un altre \u00e0mbit professional.<\/p>\n<p>Basant-se en els principis generals dels processos de comunicaci\u00f3 electr\u00f2nica, laexprimidora.com no garanteix que l&#8217;acc\u00e9s a la p\u00e0gina no puga ser interromput, patir retards, contindre errors o omissions, o contindre virus. Per tant, la informaci\u00f3 \u00e9s proporcionada tal qual, sense garanties de cap mena, expresses o impl\u00edcites, sobre l&#8217;exactitud o precisi\u00f3 de la informaci\u00f3, ni es garanteix que siga completa.<\/p>\n<p>En cas d&#8217;interrupci\u00f3 per causes alienes a laexprimidora.com als seus Usuaris, laexprimidora.com posar\u00e0 tots els mitjans al seu abast per a reposar el subministrament.<\/p>\n<p>Aquesta web cont\u00e9 <span style=\"font-size: 15px;\">enlla\u00e7os a p\u00e0gines web alienes a laexprimidora.com per a comoditat dels seus usuaris. La inclusi\u00f3 d&#8217;aquests vincles no suposa que laexprimidora.com accepte cap responsabilitat sobre el contingut d&#8217;aquestes webs alienes a laexprimidora.com. Una vegada que un usuari es trobe en una altra web que no siga laexprimidora.com haur\u00e0 d&#8217;atindre&#8217;s a les indicacions legals que eixa altra web indique. En cas que un Usuari considere que algun dels enlla\u00e7os porta a una p\u00e0gina web inadequada, pot posar-se en contacte amb nosaltres per a proposar la seua eliminaci\u00f3 o modificaci\u00f3.<\/span><\/p>\n<p>&nbsp;<\/p>\n<h2>Modificaci\u00f3 de la web<\/h2>\n<p>laexprimidora.com es reserva la facultat d&#8217;efectuar, en qualsevol moment, modificacions en la informaci\u00f3 continguda en el seu lloc web, aix\u00ed com de suspendre el seu acc\u00e9s en qualsevol moment i sense previ av\u00eds. Tant l&#8217;acc\u00e9s a aquest web com l&#8217;\u00fas que puga fer-se de la informaci\u00f3 continguda en el mateix \u00e9s de l&#8217;exclusiva responsabilitat de qui el realitza.<\/p>\n<p>laexprimidora.com no respondr\u00e0 de cap conseq\u00fc\u00e8ncia, mal o perjudici que pogueren derivar-se d&#8217;aquest acc\u00e9s o \u00fas de la informaci\u00f3. Aix\u00ed mateix es reserva el dret a modificar en qualsevol moment la presentaci\u00f3, configuraci\u00f3, localitzaci\u00f3 i condicions d&#8217;acc\u00e9s al lloc web, aix\u00ed com els continguts i les condicions requerides per a utilitzar els mateixos.<\/p>\n<p>&nbsp;<\/p>\n<h2>Sobre els comentaris publicats en aquest lloc<\/h2>\n<p>Tots els comentaris emesos en el lloc laexprimidora.com s\u00f3n responsabilitat de l&#8217;autor. Ens reservem el dret de moderar comentaris fora de lloc.<\/p>\n<p>Fomenta la discussi\u00f3 i el di\u00e0leg relacionat amb el tema exposat per l&#8217;autor, expressa la teua opini\u00f3, consultes i refer\u00e8ncies de tal forma que siga enriquidor per a tots. Evita utilitzar paraules grolleres, atacs directes, descalificativos, insults en cas contrari el teu comentari ser\u00e0 eliminat.<\/p>\n<p>Qu\u00e8 fan amb les dades: nom, email i lloc que demanen en els comentaris?<\/p>\n<p>A excepci\u00f3 del correu, les dades identifiquen als comentaristes. I respecte a l&#8217;adre\u00e7a de correu, serveix per a validar a l&#8217;autor i perqu\u00e8 ens posem en contacte quan fa\u00e7a falta. Aquesta informaci\u00f3 no \u00e9s compartida a tercers.<\/p>\n<p>[\/et_pb_text][\/et_pb_column][\/et_pb_row][\/et_pb_section]<\/p>\n","protected":false},"excerpt":{"rendered":"<p>POL\u00cdTICA DE PRIVACITATDADES DEL TITULAR DE LA WEB De conformitat amb el previngut en la Llei de Serveis de la Societat de la Informaci\u00f3 la present web, laexprimidora.com \u00e9s titularitat de l&#8217;Associaci\u00f3 de Dissenyadors i Creatius de Castell\u00f3 L&#8217;Espremedora amb NIF G12887790 i domicili social en Carrer Santo Domingo s\/n (Junt *EACC) P.o.Box 12002 Castell\u00f3 [&hellip;]<\/p>\n","protected":false},"author":1,"featured_media":0,"parent":0,"menu_order":0,"comment_status":"closed","ping_status":"closed","template":"","meta":{"_acf_changed":false,"_et_pb_use_builder":"on","_et_pb_old_content":"","_et_gb_content_width":"","footnotes":""},"class_list":["post-2188","page","type-page","status-publish","hentry"],"acf":[],"_links":{"self":[{"href":"https:\/\/laexprimidora.com\/ca\/wp-json\/wp\/v2\/pages\/2188","targetHints":{"allow":["GET"]}}],"collection":[{"href":"https:\/\/laexprimidora.com\/ca\/wp-json\/wp\/v2\/pages"}],"about":[{"href":"https:\/\/laexprimidora.com\/ca\/wp-json\/wp\/v2\/types\/page"}],"author":[{"embeddable":true,"href":"https:\/\/laexprimidora.com\/ca\/wp-json\/wp\/v2\/users\/1"}],"replies":[{"embeddable":true,"href":"https:\/\/laexprimidora.com\/ca\/wp-json\/wp\/v2\/comments?post=2188"}],"version-history":[{"count":4,"href":"https:\/\/laexprimidora.com\/ca\/wp-json\/wp\/v2\/pages\/2188\/revisions"}],"predecessor-version":[{"id":2283,"href":"https:\/\/laexprimidora.com\/ca\/wp-json\/wp\/v2\/pages\/2188\/revisions\/2283"}],"wp:attachment":[{"href":"https:\/\/laexprimidora.com\/ca\/wp-json\/wp\/v2\/media?parent=2188"}],"curies":[{"name":"wp","href":"https:\/\/api.w.org\/{rel}","templated":true}]}}