{"id":2185,"date":"2026-02-18T11:12:41","date_gmt":"2026-02-18T10:12:41","guid":{"rendered":"http:\/\/laexprimidora.com\/avis-legal\/"},"modified":"2026-03-06T11:35:40","modified_gmt":"2026-03-06T10:35:40","slug":"avis-legal","status":"publish","type":"page","link":"https:\/\/laexprimidora.com\/ca\/avis-legal\/","title":{"rendered":"Av\u00eds legal"},"content":{"rendered":"<p>[et_pb_section fb_built=&#8221;1&#8243; _builder_version=&#8221;4.27.4&#8243; _module_preset=&#8221;default&#8221; custom_margin=&#8221;0px||0px||false|false&#8221; custom_padding=&#8221;0px||0px||false|false&#8221; locked=&#8221;off&#8221; global_colors_info=&#8221;{}&#8221;][et_pb_row _builder_version=&#8221;4.27.4&#8243; _module_preset=&#8221;default&#8221; animation_style=&#8221;slide&#8221; animation_direction=&#8221;bottom&#8221; animation_delay=&#8221;500ms&#8221; animation_intensity_slide=&#8221;20%&#8221; hover_enabled=&#8221;0&#8243; global_colors_info=&#8221;{}&#8221; border_width_bottom=&#8221;1px&#8221; sticky_enabled=&#8221;0&#8243;][et_pb_column type=&#8221;4_4&#8243; _builder_version=&#8221;4.27.4&#8243; _module_preset=&#8221;default&#8221; global_colors_info=&#8221;{}&#8221;][et_pb_text _builder_version=&#8221;4.27.4&#8243; _module_preset=&#8221;default&#8221; header_font_size=&#8221;117px&#8221; header_font_size_tablet=&#8221;88px&#8221; header_font_size_phone=&#8221;50px&#8221; header_font_size_last_edited=&#8221;on|phone&#8221; global_colors_info=&#8221;{}&#8221;]<\/p>\n<h1>AV\u00cdS LEGAL<\/h1>\n<p>[\/et_pb_text][\/et_pb_column][\/et_pb_row][\/et_pb_section][et_pb_section fb_built=&#8221;1&#8243; _builder_version=&#8221;4.27.4&#8243; _module_preset=&#8221;default&#8221; global_colors_info=&#8221;{}&#8221;][et_pb_row _builder_version=&#8221;4.27.4&#8243; _module_preset=&#8221;default&#8221; global_colors_info=&#8221;{}&#8221;][et_pb_column type=&#8221;4_4&#8243; _builder_version=&#8221;4.27.4&#8243; _module_preset=&#8221;default&#8221; global_colors_info=&#8221;{}&#8221;][et_pb_text _builder_version=&#8221;4.27.4&#8243; _module_preset=&#8221;default&#8221; global_colors_info=&#8221;{}&#8221;]<\/p>\n<h2>DADES DEL TITULAR DE LA WEB<\/h2>\n<p>De conformitat amb el previngut en la Llei de Serveis de la Societat de la Informaci\u00f3 la present web, laexprimidora.com \u00e9s titularitat de l&#8217;Associaci\u00f3 de Dissenyadors i Creatius de Castell\u00f3 L&#8217;Espremedora amb NIF G12887790 i domicili social en Carrer Santo Domingo s\/n (Junt *EACC) P.o.Box 12002 Castell\u00f3 de la Plana<\/p>\n<p>Per a comunicar-se amb nosaltres pot dirigir-se a l&#8217;email: info@laexprimidora.com i als formularis de contacte que trobar\u00e0 en la navegaci\u00f3 del lloc web i que seran rebuts en l&#8217;anterior correu electr\u00f2nic.<\/p>\n<p>&nbsp;<\/p>\n<h2>Condicions d&#8217;acc\u00e9s<\/h2>\n<p>La utilitzaci\u00f3 del lloc web laexprimidora.com suposa l&#8217;acceptaci\u00f3 plena per l&#8217;Usuari de totes les Condicions de la present Informaci\u00f3 Legal, per la qual cosa si no est\u00e0 d&#8217;acord amb el contingut de la mateixa haur\u00e0 d&#8217;abstindre&#8217;s de fer \u00fas de la web.<\/p>\n<p>L&#8217;Usuari es compromet a no utilitzar la web o els seus serveis i continguts de manera contr\u00e0ria al que es disposa per la legislaci\u00f3 vigent que siga aplicable, contra la moral i bons costums generalment acceptades o l&#8217;ordre p\u00fablic. laexprimidora.com es reserva el dret a retirar l&#8217;acc\u00e9s a la web, sense necessitat de previ av\u00eds, a qualsevol usuari que contravinga el que es disposa en aquesta Informaci\u00f3 Legal.<\/p>\n<p>laexprimidora.com es reserva el dret de modificar en qualsevol moment les presents Condicions.<\/p>\n<p>[\/et_pb_text][\/et_pb_column][\/et_pb_row][\/et_pb_section]<\/p>\n","protected":false},"excerpt":{"rendered":"<p>AV\u00cdS LEGALDADES DEL TITULAR DE LA WEB De conformitat amb el previngut en la Llei de Serveis de la Societat de la Informaci\u00f3 la present web, laexprimidora.com \u00e9s titularitat de l&#8217;Associaci\u00f3 de Dissenyadors i Creatius de Castell\u00f3 L&#8217;Espremedora amb NIF G12887790 i domicili social en Carrer Santo Domingo s\/n (Junt *EACC) P.o.Box 12002 Castell\u00f3 de [&hellip;]<\/p>\n","protected":false},"author":1,"featured_media":0,"parent":0,"menu_order":0,"comment_status":"closed","ping_status":"closed","template":"","meta":{"_acf_changed":false,"_et_pb_use_builder":"on","_et_pb_old_content":"","_et_gb_content_width":"","footnotes":""},"class_list":["post-2185","page","type-page","status-publish","hentry"],"acf":[],"_links":{"self":[{"href":"https:\/\/laexprimidora.com\/ca\/wp-json\/wp\/v2\/pages\/2185","targetHints":{"allow":["GET"]}}],"collection":[{"href":"https:\/\/laexprimidora.com\/ca\/wp-json\/wp\/v2\/pages"}],"about":[{"href":"https:\/\/laexprimidora.com\/ca\/wp-json\/wp\/v2\/types\/page"}],"author":[{"embeddable":true,"href":"https:\/\/laexprimidora.com\/ca\/wp-json\/wp\/v2\/users\/1"}],"replies":[{"embeddable":true,"href":"https:\/\/laexprimidora.com\/ca\/wp-json\/wp\/v2\/comments?post=2185"}],"version-history":[{"count":4,"href":"https:\/\/laexprimidora.com\/ca\/wp-json\/wp\/v2\/pages\/2185\/revisions"}],"predecessor-version":[{"id":2285,"href":"https:\/\/laexprimidora.com\/ca\/wp-json\/wp\/v2\/pages\/2185\/revisions\/2285"}],"wp:attachment":[{"href":"https:\/\/laexprimidora.com\/ca\/wp-json\/wp\/v2\/media?parent=2185"}],"curies":[{"name":"wp","href":"https:\/\/api.w.org\/{rel}","templated":true}]}}