{"id":2151,"date":"2025-12-03T16:09:15","date_gmt":"2025-12-03T15:09:15","guid":{"rendered":"http:\/\/laexprimidora.com\/contacteu\/"},"modified":"2026-03-06T11:46:34","modified_gmt":"2026-03-06T10:46:34","slug":"contacteu","status":"publish","type":"page","link":"https:\/\/laexprimidora.com\/ca\/contacteu\/","title":{"rendered":"Contacteu"},"content":{"rendered":"<p>[et_pb_section fb_built=&#8221;1&#8243; _builder_version=&#8221;4.27.4&#8243; _module_preset=&#8221;default&#8221; custom_margin=&#8221;0px||0px||false|false&#8221; custom_padding=&#8221;0px||0px||false|false&#8221; locked=&#8221;off&#8221; global_colors_info=&#8221;{}&#8221;][et_pb_row _builder_version=&#8221;4.27.4&#8243; _module_preset=&#8221;default&#8221; custom_padding=&#8221;||60px||false|false&#8221; border_width_bottom=&#8221;1px&#8221; border_color_bottom=&#8221;#000000&#8243; global_colors_info=&#8221;{}&#8221;][et_pb_column type=&#8221;4_4&#8243; _builder_version=&#8221;4.27.4&#8243; _module_preset=&#8221;default&#8221; global_colors_info=&#8221;{}&#8221;][et_pb_text _builder_version=&#8221;4.27.4&#8243; _dynamic_attributes=&#8221;content&#8221; _module_preset=&#8221;default&#8221; header_font_size=&#8221;117px&#8221; custom_margin_phone=&#8221;||||false|false&#8221; custom_margin_last_edited=&#8221;off|phone&#8221; animation_style=&#8221;slide&#8221; animation_direction=&#8221;bottom&#8221; animation_delay=&#8221;500ms&#8221; animation_intensity_slide=&#8221;20%&#8221; header_font_size_tablet=&#8221;88px&#8221; header_font_size_phone=&#8221;45px&#8221; header_font_size_last_edited=&#8221;on|phone&#8221; global_colors_info=&#8221;{}&#8221;]@ET-DC@eyJkeW5hbWljIjp0cnVlLCJjb250ZW50IjoicG9zdF90aXRsZSIsInNldHRpbmdzIjp7ImJlZm9yZSI6IjxoMT4iLCJhZnRlciI6IjwvaDE+IiwiZW5hYmxlX2h0bWwiOiJvZmYifX0=@[\/et_pb_text][\/et_pb_column][\/et_pb_row][\/et_pb_section][et_pb_section fb_built=&#8221;1&#8243; _builder_version=&#8221;4.27.4&#8243; _module_preset=&#8221;default&#8221; global_colors_info=&#8221;{}&#8221;][et_pb_row column_structure=&#8221;1_2,1_2&#8243; _builder_version=&#8221;4.27.4&#8243; _module_preset=&#8221;default&#8221; global_colors_info=&#8221;{}&#8221;][et_pb_column type=&#8221;1_2&#8243; _builder_version=&#8221;4.27.4&#8243; _module_preset=&#8221;default&#8221; animation_style=&#8221;slide&#8221; animation_direction=&#8221;left&#8221; animation_duration=&#8221;1250ms&#8221; animation_delay=&#8221;500ms&#8221; animation_intensity_slide=&#8221;20%&#8221; global_colors_info=&#8221;{}&#8221;][et_pb_text _builder_version=&#8221;4.27.4&#8243; _module_preset=&#8221;default&#8221; text_font=&#8221;|700|||||||&#8221; text_text_color=&#8221;#1D1D1B&#8221; text_font_size=&#8221;30px&#8221; text_line_height=&#8221;33px&#8221; header_2_font=&#8221;||||||||&#8221; header_2_font_size=&#8221;30px&#8221; width=&#8221;88%&#8221; custom_padding=&#8221;1px|||||&#8221; global_colors_info=&#8221;{}&#8221;]<\/p>\n<h2>La Exprimidora,<\/h2>\n<h2>Associaci\u00f3 de dissenyadors i creatius de Castell\u00f3<\/h2>\n<p>[\/et_pb_text][et_pb_text _builder_version=&#8221;4.27.4&#8243; _module_preset=&#8221;default&#8221; global_colors_info=&#8221;{}&#8221;]<\/p>\n<p><span>C\/ Trinidad, 92<\/span><\/p>\n<p><span>12002 Castell\u00f3 de la Plana, Castell\u00f3<br \/><\/span><\/p>\n<p><span><strong>Horari d&#8217;atenci\u00f3:<\/strong> sol\u00b7liciteu cita pr\u00e8via<\/span><\/p>\n<p>[\/et_pb_text][et_pb_image src=&#8221;https:\/\/laexprimidora.com\/wp-content\/uploads\/2026\/02\/logos_EU_pos_2.svg&#8221; title_text=&#8221;logos_EU_pos_2&#8243; _builder_version=&#8221;4.27.4&#8243; _module_preset=&#8221;default&#8221; width=&#8221;75%&#8221; custom_margin=&#8221;80px||||false|false&#8221; global_colors_info=&#8221;{}&#8221;][\/et_pb_image][\/et_pb_column][et_pb_column type=&#8221;1_2&#8243; _builder_version=&#8221;4.27.4&#8243; _module_preset=&#8221;default&#8221; animation_style=&#8221;slide&#8221; animation_direction=&#8221;right&#8221; animation_delay=&#8221;1000ms&#8221; animation_intensity_slide=&#8221;20%&#8221; global_colors_info=&#8221;{}&#8221;][et_pb_text _builder_version=&#8221;4.27.4&#8243; _module_preset=&#8221;default&#8221; custom_margin_tablet=&#8221;&#8221; custom_margin_phone=&#8221;40px||||false|false&#8221; custom_margin_last_edited=&#8221;on|phone&#8221; global_colors_info=&#8221;{}&#8221;]<\/p>\n\n<div class=\"wpcf7 no-js\" id=\"wpcf7-f2250-o1\" lang=\"ca\" dir=\"ltr\" data-wpcf7-id=\"2250\">\n<div class=\"screen-reader-response\"><p role=\"status\" aria-live=\"polite\" aria-atomic=\"true\"><\/p> <ul><\/ul><\/div>\n<form action=\"\/ca\/wp-json\/wp\/v2\/pages\/2151#wpcf7-f2250-o1\" method=\"post\" class=\"wpcf7-form init wpcf7-acceptance-as-validation\" aria-label=\"Formulari de contacte\" novalidate=\"novalidate\" data-status=\"init\">\n<fieldset class=\"hidden-fields-container\"><input type=\"hidden\" name=\"_wpcf7\" value=\"2250\" \/><input type=\"hidden\" name=\"_wpcf7_version\" value=\"6.1.5\" \/><input type=\"hidden\" name=\"_wpcf7_locale\" value=\"ca\" \/><input type=\"hidden\" name=\"_wpcf7_unit_tag\" value=\"wpcf7-f2250-o1\" \/><input type=\"hidden\" name=\"_wpcf7_container_post\" value=\"0\" \/><input type=\"hidden\" name=\"_wpcf7_posted_data_hash\" value=\"\" \/>\n<\/fieldset>\n<div class=\"contenedor-flexible\">\n\t<div class=\"flexible\">\n\t\t<p><label><span>Nom*<\/span><span class=\"wpcf7-form-control-wrap\" data-name=\"your-name\"><input size=\"40\" maxlength=\"400\" class=\"wpcf7-form-control wpcf7-text wpcf7-validates-as-required\" autocomplete=\"name\" aria-required=\"true\" aria-invalid=\"false\" value=\"\" type=\"text\" name=\"your-name\" \/><\/span><\/label>\n\t\t<\/p>\n\t<\/div>\n\t<div class=\"flexible\">\n\t\t<p><label><span>Correu electr\u00f2nic*<\/span><span class=\"wpcf7-form-control-wrap\" data-name=\"your-email\"><input size=\"40\" maxlength=\"400\" class=\"wpcf7-form-control wpcf7-email wpcf7-validates-as-required wpcf7-text wpcf7-validates-as-email\" autocomplete=\"email\" aria-required=\"true\" aria-invalid=\"false\" value=\"\" type=\"email\" name=\"your-email\" \/><\/span><\/label>\n\t\t<\/p>\n\t<\/div>\n\t<div class=\"flexible\">\n\t\t<p><label><span>Assumpte*<\/span><span class=\"wpcf7-form-control-wrap\" data-name=\"your-subject\"><input size=\"40\" maxlength=\"400\" class=\"wpcf7-form-control wpcf7-text wpcf7-validates-as-required\" aria-required=\"true\" aria-invalid=\"false\" value=\"\" type=\"text\" name=\"your-subject\" \/><\/span><\/label>\n\t\t<\/p>\n\t<\/div>\n\t<div class=\"flexible\">\n\t\t<p><label><span>El vostre missatge<\/span><span class=\"wpcf7-form-control-wrap\" data-name=\"your-message\"><textarea cols=\"40\" rows=\"10\" maxlength=\"2000\" class=\"wpcf7-form-control wpcf7-textarea\" aria-invalid=\"false\" name=\"your-message\"><\/textarea><\/span><\/label>\n\t\t<\/p>\n\t<\/div>\n\t<p><label style=\"display: inline-block; margin-top: 10px\"> <span class=\"wpcf7-form-control-wrap\" data-name=\"acceptance-96\"><span class=\"wpcf7-form-control wpcf7-acceptance optional\"><span class=\"wpcf7-list-item\"><label><input type=\"checkbox\" name=\"acceptance-96\" value=\"1\" aria-invalid=\"false\" \/><span class=\"wpcf7-list-item-label\">He llegit i accepto la<\/span><\/label><\/span><\/span><\/span> <a href=\"\/politica-de-privacidad\" target=\"_blank\" rel=\"noopener noreferer\">pol\u00edtica de privadesa<\/a><\/label><br \/>\n<small>Responsable: LA EXPRIMIDORA<br \/>\nFinalitat: La recollida i tractament de les dades personals recollides a trav\u00e9s d'aquest formulari t\u00e9 com a finalitat respondre als vostres dubtes.<br \/>\nLegitimaci\u00f3: el vostre propi consentiment, l'inter\u00e8s leg\u00edtim.<br \/>\nDestinatari: no cedirem les vostres dades a tercers, excepte obligaci\u00f3 legal. Drets: podeu exercir els drets d'acc\u00e9s, rectificaci\u00f3 o supressi\u00f3 de dades, aix\u00ed com disposar d'altres drets a info@laexprimidora.com<br \/>\nAix\u00ed mateix, us informem que si no desitgeu rebre informaci\u00f3 comercial dels nostres productes i serveis ens ho comuniqueu en el cos del missatge (en el formulari anterior) o ens escriviu a l'adre\u00e7a electr\u00f2nica assenyalada en el par\u00e0graf anterior.<br \/>\nInformaci\u00f3 addicional: http:\/\/www.laexprimidora.com\/<\/small><br \/>\n<input class=\"wpcf7-form-control wpcf7-submit has-spinner\" type=\"submit\" value=\"Enviar\" \/>\n\t<\/p>\n<\/div>\n<style>\n .contenedor-flexible {\n display: flex;\n flex-direction: column;\n flex-wrap: nowrap;\n gap: 10px;\n }\n \n .flexible label {\n display: grid;\n justify-content: start;\n align-content: start;\n gap: 20px;\n grid-template-columns: 1fr 5fr;\n }\n\n input.text, input.title, input[type=email], input[type=password], input[type=tel], input[type=text], select, textarea {\n background-color: #FF8A00;\n border: none;\n padding: 4px 16px;\n color: #000000;\n font-weight: 700;\n width: 100%;\n }\n\n label a {\n color: #1d1d1b;\n text-decoration: underline;\n }\n\n label a:hover {\n color: #ff8a00;\n }\n\n input[type=submit] {\n border-radius: 0px;\n font-size: 30px;\n line-height: 30px;\n background-color: #1d1d1b;\n font-weight: normal;\n text-transform: uppercase;\n text-decoration: none;\n color: #ff8a00!important;\n padding: 0px 5px;\n cursor: pointer;\n border: none;\n transition: all 0.8s ease-in-out;\n }\n\n input[type=submit]:hover {\n background-color: #ff8a00;\n color: #1d1d1b!important;\n border: none;\n }\n\n .wpcf7-list-item {\n margin: 0;\n }\n\n form small {\n display: block;\n font-size: 15px;\n line-height: 20px;\n margin-top: 20px;\n margin-bottom: 20px;\n }\n\n @media all and (max-width: 768px) {\n .flexible label {\n gap: 0px;\n grid-template-columns: auto;\n grid-template-rows: 1fr;\n }\n }\n<\/style><div class=\"wpcf7-response-output\" aria-hidden=\"true\"><\/div>\n<\/form>\n<\/div>\n\n<p>[\/et_pb_text][\/et_pb_column][\/et_pb_row][\/et_pb_section]<\/p>\n","protected":false},"excerpt":{"rendered":"<p>La Exprimidora, Associaci\u00f3 de dissenyadors i creatius de Castell\u00f3C\/ Trinidad, 92 12002 Castell\u00f3 de la Plana, Castell\u00f3 Horari d&#8217;atenci\u00f3: sol\u00b7liciteu cita pr\u00e8via\n<div class=\"wpcf7 no-js\" id=\"wpcf7-f2250-o2\" lang=\"ca\" dir=\"ltr\" data-wpcf7-id=\"2250\">\n<div class=\"screen-reader-response\"><p role=\"status\" aria-live=\"polite\" aria-atomic=\"true\"><\/p> <ul><\/ul><\/div>\n<form action=\"\/ca\/wp-json\/wp\/v2\/pages\/2151#wpcf7-f2250-o2\" method=\"post\" class=\"wpcf7-form init wpcf7-acceptance-as-validation\" aria-label=\"Formulari de contacte\" novalidate=\"novalidate\" data-status=\"init\">\n<fieldset class=\"hidden-fields-container\"><input type=\"hidden\" name=\"_wpcf7\" value=\"2250\" \/><input type=\"hidden\" name=\"_wpcf7_version\" value=\"6.1.5\" \/><input type=\"hidden\" name=\"_wpcf7_locale\" value=\"ca\" \/><input type=\"hidden\" name=\"_wpcf7_unit_tag\" value=\"wpcf7-f2250-o2\" \/><input type=\"hidden\" name=\"_wpcf7_container_post\" value=\"0\" \/><input type=\"hidden\" name=\"_wpcf7_posted_data_hash\" value=\"\" \/>\n<\/fieldset>\n<div class=\"contenedor-flexible\">\n\t<div class=\"flexible\">\n\t\t<p><label><span>Nom*<\/span><span class=\"wpcf7-form-control-wrap\" data-name=\"your-name\"><input size=\"40\" maxlength=\"400\" class=\"wpcf7-form-control wpcf7-text wpcf7-validates-as-required\" autocomplete=\"name\" aria-required=\"true\" aria-invalid=\"false\" value=\"\" type=\"text\" name=\"your-name\" \/><\/span><\/label>\n\t\t<\/p>\n\t<\/div>\n\t<div class=\"flexible\">\n\t\t<p><label><span>Correu electr\u00f2nic*<\/span><span class=\"wpcf7-form-control-wrap\" data-name=\"your-email\"><input size=\"40\" maxlength=\"400\" class=\"wpcf7-form-control wpcf7-email wpcf7-validates-as-required wpcf7-text wpcf7-validates-as-email\" autocomplete=\"email\" aria-required=\"true\" aria-invalid=\"false\" value=\"\" type=\"email\" name=\"your-email\" \/><\/span><\/label>\n\t\t<\/p>\n\t<\/div>\n\t<div class=\"flexible\">\n\t\t<p><label><span>Assumpte*<\/span><span class=\"wpcf7-form-control-wrap\" data-name=\"your-subject\"><input size=\"40\" maxlength=\"400\" class=\"wpcf7-form-control wpcf7-text wpcf7-validates-as-required\" aria-required=\"true\" aria-invalid=\"false\" value=\"\" type=\"text\" name=\"your-subject\" \/><\/span><\/label>\n\t\t<\/p>\n\t<\/div>\n\t<div class=\"flexible\">\n\t\t<p><label><span>El vostre missatge<\/span><span class=\"wpcf7-form-control-wrap\" data-name=\"your-message\"><textarea cols=\"40\" rows=\"10\" maxlength=\"2000\" class=\"wpcf7-form-control wpcf7-textarea\" aria-invalid=\"false\" name=\"your-message\"><\/textarea><\/span><\/label>\n\t\t<\/p>\n\t<\/div>\n\t<p><label style=\"display: inline-block; margin-top: 10px\"> <span class=\"wpcf7-form-control-wrap\" data-name=\"acceptance-96\"><span class=\"wpcf7-form-control wpcf7-acceptance optional\"><span class=\"wpcf7-list-item\"><label><input type=\"checkbox\" name=\"acceptance-96\" value=\"1\" aria-invalid=\"false\" \/><span class=\"wpcf7-list-item-label\">He llegit i accepto la<\/span><\/label><\/span><\/span><\/span> <a href=\"\/politica-de-privacidad\" target=\"_blank\" rel=\"noopener noreferer\">pol\u00edtica de privadesa<\/a><\/label><br \/>\n<small>Responsable: LA EXPRIMIDORA<br \/>\nFinalitat: La recollida i tractament de les dades personals recollides a trav\u00e9s d'aquest formulari t\u00e9 com a finalitat respondre als vostres dubtes.<br \/>\nLegitimaci\u00f3: el vostre propi consentiment, l'inter\u00e8s leg\u00edtim.<br \/>\nDestinatari: no cedirem les vostres dades a tercers, excepte obligaci\u00f3 legal. Drets: podeu exercir els drets d'acc\u00e9s, rectificaci\u00f3 o supressi\u00f3 de dades, aix\u00ed com disposar d'altres drets a info@laexprimidora.com<br \/>\nAix\u00ed mateix, us informem que si no desitgeu rebre informaci\u00f3 comercial dels nostres productes i serveis ens ho comuniqueu en el cos del missatge (en el formulari anterior) o ens escriviu a l'adre\u00e7a electr\u00f2nica assenyalada en el par\u00e0graf anterior.<br \/>\nInformaci\u00f3 addicional: http:\/\/www.laexprimidora.com\/<\/small><br \/>\n<input class=\"wpcf7-form-control wpcf7-submit has-spinner\" type=\"submit\" value=\"Enviar\" \/>\n\t<\/p>\n<\/div>\n<style>\n .contenedor-flexible {\n display: flex;\n flex-direction: column;\n flex-wrap: nowrap;\n gap: 10px;\n }\n \n .flexible label {\n display: grid;\n justify-content: start;\n align-content: start;\n gap: 20px;\n grid-template-columns: 1fr 5fr;\n }\n\n input.text, input.title, input[type=email], input[type=password], input[type=tel], input[type=text], select, textarea {\n background-color: #FF8A00;\n border: none;\n padding: 4px 16px;\n color: #000000;\n font-weight: 700;\n width: 100%;\n }\n\n label a {\n color: #1d1d1b;\n text-decoration: underline;\n }\n\n label a:hover {\n color: #ff8a00;\n }\n\n input[type=submit] {\n border-radius: 0px;\n font-size: 30px;\n line-height: 30px;\n background-color: #1d1d1b;\n font-weight: normal;\n text-transform: uppercase;\n text-decoration: none;\n color: #ff8a00!important;\n padding: 0px 5px;\n cursor: pointer;\n border: none;\n transition: all 0.8s ease-in-out;\n }\n\n input[type=submit]:hover {\n background-color: #ff8a00;\n color: #1d1d1b!important;\n border: none;\n }\n\n .wpcf7-list-item {\n margin: 0;\n }\n\n form small {\n display: block;\n font-size: 15px;\n line-height: 20px;\n margin-top: 20px;\n margin-bottom: 20px;\n }\n\n @media all and (max-width: 768px) {\n .flexible label {\n gap: 0px;\n grid-template-columns: auto;\n grid-template-rows: 1fr;\n }\n }\n<\/style><div class=\"wpcf7-response-output\" aria-hidden=\"true\"><\/div>\n<\/form>\n<\/div>\n<\/p>\n","protected":false},"author":1,"featured_media":0,"parent":0,"menu_order":0,"comment_status":"closed","ping_status":"closed","template":"","meta":{"_acf_changed":false,"_et_pb_use_builder":"on","_et_pb_old_content":"","_et_gb_content_width":"","footnotes":""},"class_list":["post-2151","page","type-page","status-publish","hentry"],"acf":[],"_links":{"self":[{"href":"https:\/\/laexprimidora.com\/ca\/wp-json\/wp\/v2\/pages\/2151","targetHints":{"allow":["GET"]}}],"collection":[{"href":"https:\/\/laexprimidora.com\/ca\/wp-json\/wp\/v2\/pages"}],"about":[{"href":"https:\/\/laexprimidora.com\/ca\/wp-json\/wp\/v2\/types\/page"}],"author":[{"embeddable":true,"href":"https:\/\/laexprimidora.com\/ca\/wp-json\/wp\/v2\/users\/1"}],"replies":[{"embeddable":true,"href":"https:\/\/laexprimidora.com\/ca\/wp-json\/wp\/v2\/comments?post=2151"}],"version-history":[{"count":4,"href":"https:\/\/laexprimidora.com\/ca\/wp-json\/wp\/v2\/pages\/2151\/revisions"}],"predecessor-version":[{"id":2289,"href":"https:\/\/laexprimidora.com\/ca\/wp-json\/wp\/v2\/pages\/2151\/revisions\/2289"}],"wp:attachment":[{"href":"https:\/\/laexprimidora.com\/ca\/wp-json\/wp\/v2\/media?parent=2151"}],"curies":[{"name":"wp","href":"https:\/\/api.w.org\/{rel}","templated":true}]}}