{"id":2148,"date":"2025-12-03T16:09:05","date_gmt":"2025-12-03T15:09:05","guid":{"rendered":"http:\/\/laexprimidora.com\/recursos\/"},"modified":"2026-03-06T11:47:55","modified_gmt":"2026-03-06T10:47:55","slug":"recursos","status":"publish","type":"page","link":"https:\/\/laexprimidora.com\/ca\/recursos\/","title":{"rendered":"Recursos"},"content":{"rendered":"<p>[et_pb_section fb_built=&#8221;1&#8243; _builder_version=&#8221;4.27.4&#8243; _module_preset=&#8221;default&#8221; custom_margin=&#8221;0px||0px||false|false&#8221; custom_padding=&#8221;0px||0px||false|false&#8221; global_colors_info=&#8221;{}&#8221;][et_pb_row _builder_version=&#8221;4.27.4&#8243; _module_preset=&#8221;default&#8221; animation_style=&#8221;slide&#8221; animation_direction=&#8221;bottom&#8221; animation_delay=&#8221;500ms&#8221; animation_intensity_slide=&#8221;20%&#8221; global_colors_info=&#8221;{}&#8221;][et_pb_column type=&#8221;4_4&#8243; _builder_version=&#8221;4.27.4&#8243; _module_preset=&#8221;default&#8221; global_colors_info=&#8221;{}&#8221;][et_pb_text _builder_version=&#8221;4.27.4&#8243; _module_preset=&#8221;default&#8221; header_font_size=&#8221;117px&#8221; header_font_size_tablet=&#8221;88px&#8221; header_font_size_phone=&#8221;45px&#8221; header_font_size_last_edited=&#8221;on|phone&#8221; global_colors_info=&#8221;{}&#8221;]<\/p>\n<h1>RECURSOS<\/h1>\n<p>[\/et_pb_text][\/et_pb_column][\/et_pb_row][\/et_pb_section][et_pb_section fb_built=&#8221;1&#8243; module_id=&#8221;junta-directiva&#8221; _builder_version=&#8221;4.27.4&#8243; _module_preset=&#8221;default&#8221; custom_margin=&#8221;||0px||false|false&#8221; custom_padding=&#8221;20px||0px||false|false&#8221; locked=&#8221;off&#8221; global_colors_info=&#8221;{}&#8221;][et_pb_row _builder_version=&#8221;4.27.4&#8243; _module_preset=&#8221;default&#8221; custom_margin=&#8221;0px||||false|false&#8221; custom_padding=&#8221;36px||||false|false&#8221; border_width_top=&#8221;1px&#8221; border_color_top=&#8221;#1D1D1B&#8221; global_colors_info=&#8221;{}&#8221;][et_pb_column type=&#8221;4_4&#8243; _builder_version=&#8221;4.27.4&#8243; _module_preset=&#8221;default&#8221; global_colors_info=&#8221;{}&#8221;][et_pb_text _builder_version=&#8221;4.27.4&#8243; _module_preset=&#8221;default&#8221; animation_style=&#8221;fade&#8221; animation_delay=&#8221;500ms&#8221; custom_css_free_form=&#8221;.tlb-recursos-grid{||  display:grid;||  grid-template-columns:repeat(3,1fr);||  gap:24px;||}||||.tlb-recurso-link{||  display:block;||  text-decoration:none;||  color:inherit;||}||||.tlb-recurso-title{||  font-family: &#8216;Space Mono&#8217;, monospace;||  font-size: 24px;||  font-weight:700;||  line-height: 24px;||  text-transform: inherit;||}||||.tlb-recurso-item{||  position:relative;||}||||||\/* imagen *\/||.tlb-recurso-thumb{||  position:relative;||  width:100%;||  aspect-ratio:3\/4;||  background-size:cover;||  background-position:center;||  margin-bottom:12px;||\toverflow:hidden;          \/* recorta SOLO la portada *\/||  transition:||    transform .5s cubic-bezier(.22,.61,.36,1),||    filter .4s ease;||}||||\/* overlay *\/||.tlb-recurso-overlay{||  position:absolute;||  inset:0;||  display:flex;||  align-items:center;||  justify-content:center;||\tfont-size: 24px;||  font-family:monospace;||  font-weight:bold;||  letter-spacing:.08em;||  color:#ff8a00;||  background:rgba(0,0,0,.65);||  opacity:0;||  transform:translateY(12px);||\tz-index: 2;||  pointer-events: none;     \/* para que el click siga siendo del <a> *\/||  transition:||    opacity .35s ease,||    transform .35s ease;||}||||\/* hover moderno *\/||.tlb-recurso-item:hover .tlb-recurso-thumb{||  transform:scale(1.02);||  filter:contrast(1.05);||}||||.tlb-recurso-item:hover .tlb-recurso-overlay{||  opacity:1;||  transform:translateY(0);||}||||\/* t\u00edtulo peque\u00f1o lift *\/||.tlb-recurso-title{||  transition:transform .3s ease;||}||||.tlb-recurso-item:hover .tlb-recurso-title{||  transform:translateY(-3px);||}||||||@media(max-width:980px){||  .tlb-recursos-grid{||    grid-template-columns:1fr 1fr;||  }||}||||@media(max-width:640px){||  .tlb-recursos-grid{||    grid-template-columns:1fr;||  }||}||&#8221; global_colors_info=&#8221;{}&#8221;]<\/p>\n<div class=\"tlb-recursos-grid\">\n        <article class=\"tlb-recurso-item\">\n            <a href=\"https:\/\/laexprimidora.com\/wp-content\/uploads\/2026\/02\/LXPguia24.pdf\" target=\"_blank\" rel=\"noopener\" class=\"tlb-recurso-link\">\n\n                <div class=\"tlb-recurso-thumb\" style=\"background-image:url(https:\/\/laexprimidora.com\/wp-content\/uploads\/2026\/02\/LXPguia24.jpg)\">\n\t\t\t\t\t<span class=\"tlb-recurso-overlay\">VER DOCUMENTO<\/span>\n\t\t\t\t<\/div>\n\n\n                <h2 class=\"tlb-recurso-title\">Gu\u00eda dise\u00f1o LXP 2024<\/h2>\n\n            <\/a>\n        <\/article>\n        <article class=\"tlb-recurso-item\">\n            <a href=\"https:\/\/laexprimidora.com\/wp-content\/uploads\/2026\/02\/codigo-deontologico_read_IDIOMAS.pdf\" target=\"_blank\" rel=\"noopener\" class=\"tlb-recurso-link\">\n\n                <div class=\"tlb-recurso-thumb\" style=\"background-image:url(https:\/\/laexprimidora.com\/wp-content\/uploads\/2026\/02\/codigo-deontologico_read_IDIOMAS_2.jpg)\">\n\t\t\t\t\t<span class=\"tlb-recurso-overlay\">VER DOCUMENTO<\/span>\n\t\t\t\t<\/div>\n\n\n                <h2 class=\"tlb-recurso-title\">C\u00f3digo deontol\u00f3gico del dise\u00f1o READ<\/h2>\n\n            <\/a>\n        <\/article><\/div>\n<p>[\/et_pb_text][\/et_pb_column][\/et_pb_row][\/et_pb_section]<\/p>\n","protected":false},"excerpt":{"rendered":"<p>[et_pb_section fb_built=&#8221;1&#8243; _builder_version=&#8221;4.27.4&#8243; _module_preset=&#8221;default&#8221; custom_margin=&#8221;0px||0px||false|false&#8221; custom_padding=&#8221;0px||0px||false|false&#8221; global_colors_info=&#8221;{}&#8221;][et_pb_row _builder_version=&#8221;4.27.4&#8243; _module_preset=&#8221;default&#8221; animation_style=&#8221;slide&#8221; animation_direction=&#8221;bottom&#8221; animation_delay=&#8221;500ms&#8221; animation_intensity_slide=&#8221;20%&#8221; global_colors_info=&#8221;{}&#8221;][et_pb_column type=&#8221;4_4&#8243; _builder_version=&#8221;4.27.4&#8243; _module_preset=&#8221;default&#8221; global_colors_info=&#8221;{}&#8221;][et_pb_text _builder_version=&#8221;4.27.4&#8243; _module_preset=&#8221;default&#8221; header_font_size=&#8221;117px&#8221; header_font_size_tablet=&#8221;88px&#8221; header_font_size_phone=&#8221;45px&#8221; header_font_size_last_edited=&#8221;on|phone&#8221; global_colors_info=&#8221;{}&#8221;] RECURSOS [\/et_pb_text][\/et_pb_column][\/et_pb_row][\/et_pb_section][et_pb_section fb_built=&#8221;1&#8243; module_id=&#8221;junta-directiva&#8221; _builder_version=&#8221;4.27.4&#8243; _module_preset=&#8221;default&#8221; custom_margin=&#8221;||0px||false|false&#8221; custom_padding=&#8221;20px||0px||false|false&#8221; locked=&#8221;off&#8221; global_colors_info=&#8221;{}&#8221;][et_pb_row _builder_version=&#8221;4.27.4&#8243; _module_preset=&#8221;default&#8221; custom_margin=&#8221;0px||||false|false&#8221; custom_padding=&#8221;36px||||false|false&#8221; border_width_top=&#8221;1px&#8221; border_color_top=&#8221;#1D1D1B&#8221; global_colors_info=&#8221;{}&#8221;][et_pb_column type=&#8221;4_4&#8243; _builder_version=&#8221;4.27.4&#8243; _module_preset=&#8221;default&#8221; global_colors_info=&#8221;{}&#8221;][et_pb_text _builder_version=&#8221;4.27.4&#8243; _module_preset=&#8221;default&#8221; animation_style=&#8221;fade&#8221; animation_delay=&#8221;500ms&#8221; custom_css_free_form=&#8221;.tlb-recursos-grid{|| display:grid;|| grid-template-columns:repeat(3,1fr);|| gap:24px;||}||||.tlb-recurso-link{|| display:block;|| [&hellip;]<\/p>\n","protected":false},"author":1,"featured_media":0,"parent":0,"menu_order":0,"comment_status":"closed","ping_status":"closed","template":"","meta":{"_acf_changed":false,"_et_pb_use_builder":"on","_et_pb_old_content":"","_et_gb_content_width":"","footnotes":""},"class_list":["post-2148","page","type-page","status-publish","hentry"],"acf":[],"_links":{"self":[{"href":"https:\/\/laexprimidora.com\/ca\/wp-json\/wp\/v2\/pages\/2148","targetHints":{"allow":["GET"]}}],"collection":[{"href":"https:\/\/laexprimidora.com\/ca\/wp-json\/wp\/v2\/pages"}],"about":[{"href":"https:\/\/laexprimidora.com\/ca\/wp-json\/wp\/v2\/types\/page"}],"author":[{"embeddable":true,"href":"https:\/\/laexprimidora.com\/ca\/wp-json\/wp\/v2\/users\/1"}],"replies":[{"embeddable":true,"href":"https:\/\/laexprimidora.com\/ca\/wp-json\/wp\/v2\/comments?post=2148"}],"version-history":[{"count":2,"href":"https:\/\/laexprimidora.com\/ca\/wp-json\/wp\/v2\/pages\/2148\/revisions"}],"predecessor-version":[{"id":2290,"href":"https:\/\/laexprimidora.com\/ca\/wp-json\/wp\/v2\/pages\/2148\/revisions\/2290"}],"wp:attachment":[{"href":"https:\/\/laexprimidora.com\/ca\/wp-json\/wp\/v2\/media?parent=2148"}],"curies":[{"name":"wp","href":"https:\/\/api.w.org\/{rel}","templated":true}]}}